{"id":8064,"date":"2023-09-07T10:58:58","date_gmt":"2023-09-07T07:58:58","guid":{"rendered":"https:\/\/vikonda.lt\/companies\/"},"modified":"2023-12-01T11:58:11","modified_gmt":"2023-12-01T08:58:11","slug":"companies","status":"publish","type":"page","link":"https:\/\/vikonda.lt\/en\/companies\/","title":{"rendered":"Companies"},"content":{"rendered":"\t\t<div data-elementor-type=\"wp-page\" data-elementor-id=\"8064\" class=\"elementor elementor-8064 elementor-6206\">\n\t\t\t\t\t\t<section class=\"elementor-section elementor-top-section elementor-element elementor-element-2c20efa elementor-section-boxed elementor-section-height-default elementor-section-height-default\" data-id=\"2c20efa\" data-element_type=\"section\">\n\t\t\t\t\t\t<div class=\"elementor-container elementor-column-gap-default\">\n\t\t\t\t\t<div class=\"elementor-column elementor-col-100 elementor-top-column elementor-element elementor-element-2c21665\" data-id=\"2c21665\" data-element_type=\"column\">\n\t\t\t<div class=\"elementor-widget-wrap elementor-element-populated\">\n\t\t\t\t\t\t<div class=\"elementor-element elementor-element-2c21b67 elementor-widget elementor-widget-stm_services\" data-id=\"2c21b67\" data-element_type=\"widget\" data-widget_type=\"stm_services.default\">\n\t\t\t\t<div class=\"elementor-widget-container\">\n\t\t\t\n    <div class=\"stm_services consulting_elementor_services style_4 cols_3\">\n                    <div class=\"item\">\n                <div class=\"item_wr\">\n                                                                    <div class=\"item_thumbnail\">\n                            <a href=\"https:\/\/vikonda.lt\/en\/service\/vikonda-group-uab\/\">\n                                <img src='https:\/\/vikonda.lt\/wp-content\/uploads\/elementor\/thumbs\/Vikonda-grupe_2020-scaled-qc1vjljng55xoy4ma2q0dp5qw22gbcg960svbakb9c.jpg' alt='Companies - Vikonda grupe_2020' \/>                                <div class=\"item_info\">\n                                    <h5>Vikonda group<\/h5>\n                                    <span><i class=\"stm-lnr-arrow-right before-text\"><\/i>Read more <i class=\"stm-lnr-arrow-right\"><\/i><\/span>\n                                <\/div>\n                            <\/a>\n                        <\/div>\n                                    <\/div>\n            <\/div>\n                    <div class=\"item\">\n                <div class=\"item_wr\">\n                                                                    <div class=\"item_thumbnail\">\n                            <a href=\"https:\/\/vikonda.lt\/en\/service\/uab-kedainiu-konservu-fabrikas\/\">\n                                <img src='https:\/\/vikonda.lt\/wp-content\/uploads\/elementor\/thumbs\/UAB-Kedainiu-konservu-fabrikas-scaled-qc1w94tt444d3l1b6435496juw7ffbtqoetqnwpa80.jpg' alt='Companies - UAB \u201eK\u0117daini\u0173 konserv\u0173 fabrikas\u201c' \/>                                <div class=\"item_info\">\n                                    <h5>Kedainiu konservu fabrikas, JSC\u200b<\/h5>\n                                    <span><i class=\"stm-lnr-arrow-right before-text\"><\/i>Read more <i class=\"stm-lnr-arrow-right\"><\/i><\/span>\n                                <\/div>\n                            <\/a>\n                        <\/div>\n                                    <\/div>\n            <\/div>\n                    <div class=\"item\">\n                <div class=\"item_wr\">\n                                                                    <div class=\"item_thumbnail\">\n                            <a href=\"https:\/\/vikonda.lt\/en\/service\/uab-vikeda\/\">\n                                <img src='https:\/\/vikonda.lt\/wp-content\/uploads\/elementor\/thumbs\/UAB-vikeda-scaled-qc1wpqn5uquq7kwy7ahv62bpnycvetr0ylqjvw2wao.jpg' alt='Companies - UAB \u201eVikeda\u201c' \/>                                <div class=\"item_info\">\n                                    <h5>Vikeda, JSC\u200b<\/h5>\n                                    <span><i class=\"stm-lnr-arrow-right before-text\"><\/i>Read more <i class=\"stm-lnr-arrow-right\"><\/i><\/span>\n                                <\/div>\n                            <\/a>\n                        <\/div>\n                                    <\/div>\n            <\/div>\n                    <div class=\"item\">\n                <div class=\"item_wr\">\n                                                                    <div class=\"item_thumbnail\">\n                            <a href=\"https:\/\/vikonda.lt\/en\/service\/uab-krekenava\/\">\n                                <img src='https:\/\/vikonda.lt\/wp-content\/uploads\/elementor\/thumbs\/uab-kreknava-green-field-scaled-qc1wyay84ekrzoh46zrhvwiwic59jjqzgzptandrls.jpg' alt='Companies - UAB \u201eKrekenava\u201c' \/>                                <div class=\"item_info\">\n                                    <h5>Krekenava, JSC\u200b<\/h5>\n                                    <span><i class=\"stm-lnr-arrow-right before-text\"><\/i>Read more <i class=\"stm-lnr-arrow-right\"><\/i><\/span>\n                                <\/div>\n                            <\/a>\n                        <\/div>\n                                    <\/div>\n            <\/div>\n                    <div class=\"item\">\n                <div class=\"item_wr\">\n                                                                    <div class=\"item_thumbnail\">\n                            <a href=\"https:\/\/vikonda.lt\/en\/service\/uab-kedainiu-aruodai\/\">\n                                <img src='https:\/\/vikonda.lt\/wp-content\/uploads\/elementor\/thumbs\/UAB-Kedainiu-aruodai-wheat-field-with-ripe-spikelets-sun-rural-landscape-with-sunny-wheat-field-scaled-qc1x40svp4ekma63syqsjykulpynd9g79al5e8wjr4.jpg' alt='Companies - UAB \u201eK\u0117daini\u0173 aruodai\u201c' \/>                                <div class=\"item_info\">\n                                    <h5>Kedainiu aruodai, JSC\u200b<\/h5>\n                                    <span><i class=\"stm-lnr-arrow-right before-text\"><\/i>Read more <i class=\"stm-lnr-arrow-right\"><\/i><\/span>\n                                <\/div>\n                            <\/a>\n                        <\/div>\n                                    <\/div>\n            <\/div>\n                    <div class=\"item\">\n                <div class=\"item_wr\">\n                                                                    <div class=\"item_thumbnail\">\n                            <a href=\"https:\/\/vikonda.lt\/en\/service\/uab-sibena\/\">\n                                <img src='https:\/\/vikonda.lt\/wp-content\/uploads\/elementor\/thumbs\/UAB-Sibena-Mini-Market-scaled-qc1xaohq3viouuhxxccnps3e2z58w2vr68xyrt15og.jpg' alt='Companies - UAB-Sibena-Mini-Market' \/>                                <div class=\"item_info\">\n                                    <h5>Sibena, JSC\u200b<\/h5>\n                                    <span><i class=\"stm-lnr-arrow-right before-text\"><\/i>Read more <i class=\"stm-lnr-arrow-right\"><\/i><\/span>\n                                <\/div>\n                            <\/a>\n                        <\/div>\n                                    <\/div>\n            <\/div>\n            <\/div>\n\t\t<\/div>\n\t\t\t\t<\/div>\n\t\t\t\t\t<\/div>\n\t\t<\/div>\n\t\t\t\t\t<\/div>\n\t\t<\/section>\n\t\t\t\t<\/div>\n\t\t","protected":false},"excerpt":{"rendered":"<p>Vikonda group Read more Kedainiu konservu fabrikas, JSC\u200b Read more Vikeda, JSC\u200b Read more Krekenava, JSC\u200b Read more Kedainiu aruodai, JSC\u200b Read more Sibena, JSC\u200b Read more<\/p>\n","protected":false},"author":2,"featured_media":0,"parent":0,"menu_order":0,"comment_status":"closed","ping_status":"closed","template":"","meta":{"footnotes":""},"class_list":["post-8064","page","type-page","status-publish","hentry"],"yoast_head":"<!-- This site is optimized with the Yoast SEO plugin v25.4 - https:\/\/yoast.com\/wordpress\/plugins\/seo\/ -->\n<title>Companies - VIKONDA GROUP<\/title>\n<meta name=\"description\" content=\"Socially responsible Lithuanian capital. In over 30 years, we have grown into a group of companies successfully operating in four business areas.\" \/>\n<meta name=\"robots\" content=\"index, follow, max-snippet:-1, max-image-preview:large, max-video-preview:-1\" \/>\n<link rel=\"canonical\" href=\"https:\/\/vikonda.lt\/companies\/\" \/>\n<meta property=\"og:locale\" content=\"en_US\" \/>\n<meta property=\"og:type\" content=\"article\" \/>\n<meta property=\"og:title\" content=\"Companies - VIKONDA GROUP\" \/>\n<meta property=\"og:description\" content=\"Socially responsible Lithuanian capital. In over 30 years, we have grown into a group of companies successfully operating in four business areas.\" \/>\n<meta property=\"og:url\" content=\"https:\/\/vikonda.lt\/companies\/\" \/>\n<meta property=\"og:site_name\" content=\"VIKONDA GRUP\u0116\" \/>\n<meta property=\"article:publisher\" content=\"https:\/\/www.facebook.com\/VikondaGrupe\" \/>\n<meta property=\"article:modified_time\" content=\"2023-12-01T08:58:11+00:00\" \/>\n<meta property=\"og:image\" content=\"https:\/\/vikonda.lt\/wp-content\/uploads\/elementor\/thumbs\/Vikonda-grupe_2020-scaled-qc1vjljng55xoy4ma2q0dp5qw22gbcg960svbakb9c.jpg\" \/>\n<meta name=\"twitter:card\" content=\"summary_large_image\" \/>\n<meta name=\"twitter:label1\" content=\"Est. reading time\" \/>\n\t<meta name=\"twitter:data1\" content=\"2 minutes\" \/>\n<script type=\"application\/ld+json\" class=\"yoast-schema-graph\">{\"@context\":\"https:\/\/schema.org\",\"@graph\":[{\"@type\":\"WebPage\",\"@id\":\"https:\/\/vikonda.lt\/companies\/\",\"url\":\"https:\/\/vikonda.lt\/companies\/\",\"name\":\"Companies - VIKONDA GROUP\",\"isPartOf\":{\"@id\":\"https:\/\/vikonda.lt\/#website\"},\"primaryImageOfPage\":{\"@id\":\"https:\/\/vikonda.lt\/companies\/#primaryimage\"},\"image\":{\"@id\":\"https:\/\/vikonda.lt\/companies\/#primaryimage\"},\"thumbnailUrl\":\"https:\/\/vikonda.lt\/wp-content\/uploads\/elementor\/thumbs\/Vikonda-grupe_2020-scaled-qc1vjljng55xoy4ma2q0dp5qw22gbcg960svbakb9c.jpg\",\"datePublished\":\"2023-09-07T07:58:58+00:00\",\"dateModified\":\"2023-12-01T08:58:11+00:00\",\"description\":\"Socially responsible Lithuanian capital. In over 30 years, we have grown into a group of companies successfully operating in four business areas.\",\"breadcrumb\":{\"@id\":\"https:\/\/vikonda.lt\/companies\/#breadcrumb\"},\"inLanguage\":\"en-US\",\"potentialAction\":[{\"@type\":\"ReadAction\",\"target\":[\"https:\/\/vikonda.lt\/companies\/\"]}]},{\"@type\":\"ImageObject\",\"inLanguage\":\"en-US\",\"@id\":\"https:\/\/vikonda.lt\/companies\/#primaryimage\",\"url\":\"https:\/\/vikonda.lt\/wp-content\/uploads\/elementor\/thumbs\/Vikonda-grupe_2020-scaled-qc1vjljng55xoy4ma2q0dp5qw22gbcg960svbakb9c.jpg\",\"contentUrl\":\"https:\/\/vikonda.lt\/wp-content\/uploads\/elementor\/thumbs\/Vikonda-grupe_2020-scaled-qc1vjljng55xoy4ma2q0dp5qw22gbcg960svbakb9c.jpg\"},{\"@type\":\"BreadcrumbList\",\"@id\":\"https:\/\/vikonda.lt\/companies\/#breadcrumb\",\"itemListElement\":[{\"@type\":\"ListItem\",\"position\":1,\"name\":\"Home\",\"item\":\"https:\/\/vikonda.lt\/\"},{\"@type\":\"ListItem\",\"position\":2,\"name\":\"Companies\"}]},{\"@type\":\"WebSite\",\"@id\":\"https:\/\/vikonda.lt\/#website\",\"url\":\"https:\/\/vikonda.lt\/\",\"name\":\"Vikonda Grup\u0117\",\"description\":\"\",\"publisher\":{\"@id\":\"https:\/\/vikonda.lt\/#organization\"},\"potentialAction\":[{\"@type\":\"SearchAction\",\"target\":{\"@type\":\"EntryPoint\",\"urlTemplate\":\"https:\/\/vikonda.lt\/?s={search_term_string}\"},\"query-input\":{\"@type\":\"PropertyValueSpecification\",\"valueRequired\":true,\"valueName\":\"search_term_string\"}}],\"inLanguage\":\"en-US\"},{\"@type\":\"Organization\",\"@id\":\"https:\/\/vikonda.lt\/#organization\",\"name\":\"VIKONDA GRUP\u0116\",\"url\":\"https:\/\/vikonda.lt\/\",\"logo\":{\"@type\":\"ImageObject\",\"inLanguage\":\"en-US\",\"@id\":\"https:\/\/vikonda.lt\/#\/schema\/logo\/image\/\",\"url\":\"https:\/\/vikonda.lt\/wp-content\/uploads\/LOGAI-SVETAINEI_1.svg\",\"contentUrl\":\"https:\/\/vikonda.lt\/wp-content\/uploads\/LOGAI-SVETAINEI_1.svg\",\"width\":1740,\"height\":932,\"caption\":\"VIKONDA GRUP\u0116\"},\"image\":{\"@id\":\"https:\/\/vikonda.lt\/#\/schema\/logo\/image\/\"},\"sameAs\":[\"https:\/\/www.facebook.com\/VikondaGrupe\",\"https:\/\/www.linkedin.com\/company\/vikonda\"]}]}<\/script>\n<!-- \/ Yoast SEO plugin. -->","yoast_head_json":{"title":"Companies - VIKONDA GROUP","description":"Socially responsible Lithuanian capital. In over 30 years, we have grown into a group of companies successfully operating in four business areas.","robots":{"index":"index","follow":"follow","max-snippet":"max-snippet:-1","max-image-preview":"max-image-preview:large","max-video-preview":"max-video-preview:-1"},"canonical":"https:\/\/vikonda.lt\/companies\/","og_locale":"en_US","og_type":"article","og_title":"Companies - VIKONDA GROUP","og_description":"Socially responsible Lithuanian capital. In over 30 years, we have grown into a group of companies successfully operating in four business areas.","og_url":"https:\/\/vikonda.lt\/companies\/","og_site_name":"VIKONDA GRUP\u0116","article_publisher":"https:\/\/www.facebook.com\/VikondaGrupe","article_modified_time":"2023-12-01T08:58:11+00:00","og_image":[{"url":"https:\/\/vikonda.lt\/wp-content\/uploads\/elementor\/thumbs\/Vikonda-grupe_2020-scaled-qc1vjljng55xoy4ma2q0dp5qw22gbcg960svbakb9c.jpg","type":"","width":"","height":""}],"twitter_card":"summary_large_image","twitter_misc":{"Est. reading time":"2 minutes"},"schema":{"@context":"https:\/\/schema.org","@graph":[{"@type":"WebPage","@id":"https:\/\/vikonda.lt\/companies\/","url":"https:\/\/vikonda.lt\/companies\/","name":"Companies - VIKONDA GROUP","isPartOf":{"@id":"https:\/\/vikonda.lt\/#website"},"primaryImageOfPage":{"@id":"https:\/\/vikonda.lt\/companies\/#primaryimage"},"image":{"@id":"https:\/\/vikonda.lt\/companies\/#primaryimage"},"thumbnailUrl":"https:\/\/vikonda.lt\/wp-content\/uploads\/elementor\/thumbs\/Vikonda-grupe_2020-scaled-qc1vjljng55xoy4ma2q0dp5qw22gbcg960svbakb9c.jpg","datePublished":"2023-09-07T07:58:58+00:00","dateModified":"2023-12-01T08:58:11+00:00","description":"Socially responsible Lithuanian capital. In over 30 years, we have grown into a group of companies successfully operating in four business areas.","breadcrumb":{"@id":"https:\/\/vikonda.lt\/companies\/#breadcrumb"},"inLanguage":"en-US","potentialAction":[{"@type":"ReadAction","target":["https:\/\/vikonda.lt\/companies\/"]}]},{"@type":"ImageObject","inLanguage":"en-US","@id":"https:\/\/vikonda.lt\/companies\/#primaryimage","url":"https:\/\/vikonda.lt\/wp-content\/uploads\/elementor\/thumbs\/Vikonda-grupe_2020-scaled-qc1vjljng55xoy4ma2q0dp5qw22gbcg960svbakb9c.jpg","contentUrl":"https:\/\/vikonda.lt\/wp-content\/uploads\/elementor\/thumbs\/Vikonda-grupe_2020-scaled-qc1vjljng55xoy4ma2q0dp5qw22gbcg960svbakb9c.jpg"},{"@type":"BreadcrumbList","@id":"https:\/\/vikonda.lt\/companies\/#breadcrumb","itemListElement":[{"@type":"ListItem","position":1,"name":"Home","item":"https:\/\/vikonda.lt\/"},{"@type":"ListItem","position":2,"name":"Companies"}]},{"@type":"WebSite","@id":"https:\/\/vikonda.lt\/#website","url":"https:\/\/vikonda.lt\/","name":"Vikonda Grup\u0117","description":"","publisher":{"@id":"https:\/\/vikonda.lt\/#organization"},"potentialAction":[{"@type":"SearchAction","target":{"@type":"EntryPoint","urlTemplate":"https:\/\/vikonda.lt\/?s={search_term_string}"},"query-input":{"@type":"PropertyValueSpecification","valueRequired":true,"valueName":"search_term_string"}}],"inLanguage":"en-US"},{"@type":"Organization","@id":"https:\/\/vikonda.lt\/#organization","name":"VIKONDA GRUP\u0116","url":"https:\/\/vikonda.lt\/","logo":{"@type":"ImageObject","inLanguage":"en-US","@id":"https:\/\/vikonda.lt\/#\/schema\/logo\/image\/","url":"https:\/\/vikonda.lt\/wp-content\/uploads\/LOGAI-SVETAINEI_1.svg","contentUrl":"https:\/\/vikonda.lt\/wp-content\/uploads\/LOGAI-SVETAINEI_1.svg","width":1740,"height":932,"caption":"VIKONDA GRUP\u0116"},"image":{"@id":"https:\/\/vikonda.lt\/#\/schema\/logo\/image\/"},"sameAs":["https:\/\/www.facebook.com\/VikondaGrupe","https:\/\/www.linkedin.com\/company\/vikonda"]}]}},"_links":{"self":[{"href":"https:\/\/vikonda.lt\/en\/wp-json\/wp\/v2\/pages\/8064","targetHints":{"allow":["GET"]}}],"collection":[{"href":"https:\/\/vikonda.lt\/en\/wp-json\/wp\/v2\/pages"}],"about":[{"href":"https:\/\/vikonda.lt\/en\/wp-json\/wp\/v2\/types\/page"}],"author":[{"embeddable":true,"href":"https:\/\/vikonda.lt\/en\/wp-json\/wp\/v2\/users\/2"}],"replies":[{"embeddable":true,"href":"https:\/\/vikonda.lt\/en\/wp-json\/wp\/v2\/comments?post=8064"}],"version-history":[{"count":16,"href":"https:\/\/vikonda.lt\/en\/wp-json\/wp\/v2\/pages\/8064\/revisions"}],"predecessor-version":[{"id":9593,"href":"https:\/\/vikonda.lt\/en\/wp-json\/wp\/v2\/pages\/8064\/revisions\/9593"}],"wp:attachment":[{"href":"https:\/\/vikonda.lt\/en\/wp-json\/wp\/v2\/media?parent=8064"}],"curies":[{"name":"wp","href":"https:\/\/api.w.org\/{rel}","templated":true}]}}